{"id":1092,"date":"2026-04-22T01:06:43","date_gmt":"2026-04-22T01:06:43","guid":{"rendered":"https:\/\/kuzeycevre.com\/?page_id=1092"},"modified":"2026-04-22T01:06:44","modified_gmt":"2026-04-22T01:06:44","slug":"surdurulebilirlikraporlama-2","status":"publish","type":"page","link":"https:\/\/kuzeycevre.com\/en\/surdurulebilirlikraporlama-2\/","title":{"rendered":"CDP DANI\u015eMANLIK H\u0130ZMET\u0130"},"content":{"rendered":"<style type=\"text\/css\" data-created_by=\"avia_inline_auto\" id=\"style-css-av-mj2xcb26-5b421fd8c61f422847e2e780ec31b303\">\n@keyframes av_boxShadowEffect_av-mj2xcb26-5b421fd8c61f422847e2e780ec31b303-column {\n0%   { box-shadow:  0 0 0 0 #000000; opacity: 1; }\n100% { box-shadow:  0 0 10px 0 #000000; opacity: 1; }\n}\n.flex_column.av-mj2xcb26-5b421fd8c61f422847e2e780ec31b303{\nbox-shadow: 0 0 10px 0 #000000;\npadding:20px 20px 20px 20px;\nbackground-color:#094978;\nbackground:linear-gradient( to right, #094978, #046896, #0390b7 );\n}\n<\/style>\n<div  class='flex_column av-mj2xcb26-5b421fd8c61f422847e2e780ec31b303 av_one_full  avia-builder-el-0  el_before_av_one_half  avia-builder-el-first  first flex_column_div av-animated-generic pop-up shadow-not-animated'     ><style type=\"text\/css\" data-created_by=\"avia_inline_auto\" id=\"style-css-av-mj2xd6tx-56f46e9b243cad189331aa4cc9f4e5eb\">\n#top .av-special-heading.av-mj2xd6tx-56f46e9b243cad189331aa4cc9f4e5eb{\npadding-bottom:10px;\ncolor:#ffffff;\n}\nbody .av-special-heading.av-mj2xd6tx-56f46e9b243cad189331aa4cc9f4e5eb .av-special-heading-tag .heading-char{\nfont-size:25px;\n}\n.av-special-heading.av-mj2xd6tx-56f46e9b243cad189331aa4cc9f4e5eb .special-heading-inner-border{\nborder-color:#ffffff;\n}\n.av-special-heading.av-mj2xd6tx-56f46e9b243cad189331aa4cc9f4e5eb .av-subheading{\nfont-size:15px;\n}\n<\/style>\n<div  class='av-special-heading av-mj2xd6tx-56f46e9b243cad189331aa4cc9f4e5eb av-special-heading-h2 custom-color-heading blockquote modern-quote  avia-builder-el-1  avia-builder-el-no-sibling'><h2 class='av-special-heading-tag'  itemprop=\"headline\"  >CDP Dan\u0131\u015fmanl\u0131k Hizmeti<\/h2><div class=\"special-heading-border\"><div class=\"special-heading-inner-border\"><\/div><\/div><\/div><\/div><div  class='flex_column av-19n6j-ec82262cf45b659afb95d2ed74ee8506 av_one_half  avia-builder-el-2  el_after_av_one_full  el_before_av_one_half  first flex_column_div  column-top-margin'     ><section  class='av_textblock_section av-mj2xdjtj-529b097de79ecc2899f279168cddb64b'   itemscope=\"itemscope\" itemtype=\"https:\/\/schema.org\/CreativeWork\" ><div class='avia_textblock'  itemprop=\"text\" ><p>Our company provides support for companies in reporting their environmental performance within the scope of CDP (Carbon Disclosure Project). Greenhouse gas emissions, water usage, and supply chain risks are analyzed, risks and opportunities are assessed, CDP-compliant reports are prepared, and the application process is managed. This enables companies to present their environmental performance transparently according to international standards and to improve their CDP scores.<\/p>\n<\/div><\/section><\/div><div  class='flex_column av-x20n-3ff4aeb41cba1392cc49296b45c4942c av_one_half  avia-builder-el-4  el_after_av_one_half  avia-builder-el-last  flex_column_div  column-top-margin'     ><style type=\"text\/css\" data-created_by=\"avia_inline_auto\" id=\"style-css-av-mj2xej2d-0fb8f729b24dc722131513b47effb5a0\">\n@keyframes av_boxShadowEffect_av-mj2xej2d-0fb8f729b24dc722131513b47effb5a0 {\n0%   { box-shadow:  0 0 0 0 #000000; opacity: 1; }\n100% { box-shadow:  0 0 10px 0 #000000; opacity: 1; }\n}\n.avia-image-container.av-mj2xej2d-0fb8f729b24dc722131513b47effb5a0 img.avia_image{\nbox-shadow: 0 0 10px 0 #000000;\n}\n.avia-image-container.av-mj2xej2d-0fb8f729b24dc722131513b47effb5a0 .av-image-caption-overlay-center{\ncolor:#ffffff;\n}\n<\/style>\n<div  class='avia-image-container av-mj2xej2d-0fb8f729b24dc722131513b47effb5a0 av-styling- avia_animated_image av-animated-when-visible-95 pop-up avia-align-center  avia-builder-el-5  avia-builder-el-no-sibling  av-img-box-shadow av-box-shadow-not-animated'   itemprop=\"image\" itemscope=\"itemscope\" itemtype=\"https:\/\/schema.org\/ImageObject\" ><div class=\"avia-image-container-inner\"><div class=\"avia-image-overlay-wrap\"><img class='wp-image-1005 avia-img-lazy-loading-not-1005 avia_image shadow-not-animated' src=\"https:\/\/kuzeycevre.com\/wp-content\/uploads\/asian-business-leaders-meeting-esg-strategize-on-s-2025-09-08-14-10-29-utc-1030x687.jpg\" alt='' title='Asian business leaders meeting ESG strategize on sustainable environmental practices'  height=\"687\" width=\"1030\"  itemprop=\"thumbnailUrl\" srcset=\"https:\/\/kuzeycevre.com\/wp-content\/uploads\/asian-business-leaders-meeting-esg-strategize-on-s-2025-09-08-14-10-29-utc-1030x687.jpg 1030w, https:\/\/kuzeycevre.com\/wp-content\/uploads\/asian-business-leaders-meeting-esg-strategize-on-s-2025-09-08-14-10-29-utc-300x200.jpg 300w, https:\/\/kuzeycevre.com\/wp-content\/uploads\/asian-business-leaders-meeting-esg-strategize-on-s-2025-09-08-14-10-29-utc-768x512.jpg 768w, https:\/\/kuzeycevre.com\/wp-content\/uploads\/asian-business-leaders-meeting-esg-strategize-on-s-2025-09-08-14-10-29-utc-1536x1024.jpg 1536w\" sizes=\"(max-width: 1030px) 100vw, 1030px\" \/><\/div><\/div><\/div><\/div><\/p>","protected":false},"excerpt":{"rendered":"","protected":false},"author":1,"featured_media":0,"parent":0,"menu_order":0,"comment_status":"closed","ping_status":"open","template":"","meta":[],"_links":{"self":[{"href":"https:\/\/kuzeycevre.com\/en\/wp-json\/wp\/v2\/pages\/1092"}],"collection":[{"href":"https:\/\/kuzeycevre.com\/en\/wp-json\/wp\/v2\/pages"}],"about":[{"href":"https:\/\/kuzeycevre.com\/en\/wp-json\/wp\/v2\/types\/page"}],"author":[{"embeddable":true,"href":"https:\/\/kuzeycevre.com\/en\/wp-json\/wp\/v2\/users\/1"}],"replies":[{"embeddable":true,"href":"https:\/\/kuzeycevre.com\/en\/wp-json\/wp\/v2\/comments?post=1092"}],"version-history":[{"count":1,"href":"https:\/\/kuzeycevre.com\/en\/wp-json\/wp\/v2\/pages\/1092\/revisions"}],"predecessor-version":[{"id":1094,"href":"https:\/\/kuzeycevre.com\/en\/wp-json\/wp\/v2\/pages\/1092\/revisions\/1094"}],"wp:attachment":[{"href":"https:\/\/kuzeycevre.com\/en\/wp-json\/wp\/v2\/media?parent=1092"}],"curies":[{"name":"wp","href":"https:\/\/api.w.org\/{rel}","templated":true}]}}