{"id":863,"date":"2015-07-14T16:12:07","date_gmt":"2015-07-14T16:12:07","guid":{"rendered":"http:\/\/test.kriesi.at\/minimal-portfolio\/?page_id=102"},"modified":"2025-12-23T08:24:29","modified_gmt":"2025-12-23T08:24:29","slug":"home","status":"publish","type":"page","link":"https:\/\/kuzeycevre.com\/es\/","title":{"rendered":"Home"},"content":{"rendered":"<style type=\"text\/css\" data-created_by=\"avia_inline_auto\" id=\"style-css-av-145nae-d0a17a78a2daf9b939351fa6c251fcb5\">\n.avia-section.av-145nae-d0a17a78a2daf9b939351fa6c251fcb5{\nbackground-repeat:no-repeat;\nbackground-image:url(https:\/\/kuzeycevre.com\/wp-content\/uploads\/hero2-bw.png);\nbackground-position:50% 50%;\nbackground-attachment:scroll;\n}\n.avia-section.av-145nae-d0a17a78a2daf9b939351fa6c251fcb5 .av-section-color-overlay{\nopacity:0.6;\nbackground-color:#084a79;\n}\n<\/style>\n<div id='av_section_1'  class='avia-section av-145nae-d0a17a78a2daf9b939351fa6c251fcb5 main_color avia-section-no-padding avia-no-border-styling  avia-builder-el-0  el_before_av_section  avia-builder-el-first  avia-full-stretch avia-bg-style-scroll av-section-color-overlay-active av-minimum-height av-minimum-height-25 av-height-25  container_wrap fullsize'  data-section-bg-repeat='stretch' data-av_minimum_height_pc='25' data-av_min_height_opt='25'><div class=\"av-section-color-overlay-wrap\"><div class=\"av-section-color-overlay\"><\/div><div class='container av-section-cont-open' ><main  role=\"main\" itemprop=\"mainContentOfPage\"  class='template-page content  av-content-full alpha units'><div class='post-entry post-entry-type-page post-entry-863'><div class='entry-content-wrapper clearfix'>\n\n<style type=\"text\/css\" data-created_by=\"avia_inline_auto\" id=\"style-css-av-jgf3pjem-ee2a691ebc0a9a100bc99d372a9c72ca\">\n#top .flex_column.av-jgf3pjem-ee2a691ebc0a9a100bc99d372a9c72ca{\nmargin-top:0px;\nmargin-bottom:0px;\n}\n.flex_column.av-jgf3pjem-ee2a691ebc0a9a100bc99d372a9c72ca{\nborder-radius:0px 0px 0px 0px;\npadding:0px 0px 0px 0px;\n}\n.responsive #top #wrap_all .flex_column.av-jgf3pjem-ee2a691ebc0a9a100bc99d372a9c72ca{\nmargin-top:0px;\nmargin-bottom:0px;\n}\n<\/style>\n<div  class='flex_column av-jgf3pjem-ee2a691ebc0a9a100bc99d372a9c72ca av_one_full  avia-builder-el-1  avia-builder-el-no-sibling  first flex_column_div av-animated-generic left-to-right av-zero-column-padding'     ><style type=\"text\/css\" data-created_by=\"avia_inline_auto\" id=\"style-css-av-37xou-0052c8e99555cd52f3fede56ae1fdac8\">\n#top .av-special-heading.av-37xou-0052c8e99555cd52f3fede56ae1fdac8{\nmargin:150px 0 150px 0;\npadding-bottom:0;\ncolor:#ffffff;\nfont-size:5vw;\n}\nbody .av-special-heading.av-37xou-0052c8e99555cd52f3fede56ae1fdac8 .av-special-heading-tag .heading-char{\nfont-size:25px;\n}\n#top #wrap_all .av-special-heading.av-37xou-0052c8e99555cd52f3fede56ae1fdac8 .av-special-heading-tag{\nfont-size:5vw;\n}\n.av-special-heading.av-37xou-0052c8e99555cd52f3fede56ae1fdac8 .special-heading-inner-border{\nborder-color:#ffffff;\n}\n.av-special-heading.av-37xou-0052c8e99555cd52f3fede56ae1fdac8 .av-subheading{\nfont-size:25px;\n}\n\n@media only screen and (min-width: 480px) and (max-width: 767px){ \n#top #wrap_all .av-special-heading.av-37xou-0052c8e99555cd52f3fede56ae1fdac8 .av-special-heading-tag{\nfont-size:0.8em;\n}\n}\n\n@media only screen and (max-width: 479px){ \n#top #wrap_all .av-special-heading.av-37xou-0052c8e99555cd52f3fede56ae1fdac8 .av-special-heading-tag{\nfont-size:0.8em;\n}\n}\n<\/style>\n<div  class='av-special-heading av-37xou-0052c8e99555cd52f3fede56ae1fdac8 av-special-heading-h2 custom-color-heading blockquote modern-quote modern-centered  avia-builder-el-2  avia-builder-el-no-sibling  av-inherit-size'><div class='av_custom_color av-subheading av-subheading_above'><p>Kuzey \u00c7evre<\/p>\n<\/div><h2 class='av-special-heading-tag'  itemprop=\"headline\"  >\u00c7evre Teknolojileri \u0130\u015f Sa\u011fl\u0131\u011f\u0131 Ve G\u00fcvenli\u011fi Dan\u0131\u015fmanl\u0131k<\/h2><div class=\"special-heading-border\"><div class=\"special-heading-inner-border\"><\/div><\/div><\/div><\/div>\n\n<\/div><\/div><\/main><!-- close content main element --><\/div><\/div><\/div><div id='av_section_2'  class='avia-section av-7d99z-2c964521b6217214bba858254dacc47d main_color avia-section-default avia-no-border-styling  avia-builder-el-3  el_after_av_section  avia-builder-el-last  avia-bg-style-scroll container_wrap fullsize'  ><div class='container av-section-cont-open' ><div class='template-page content  av-content-full alpha units'><div class='post-entry post-entry-type-page post-entry-863'><div class='entry-content-wrapper clearfix'>\n<div class='flex_column_table av-9wkhy-60-0e4e8bd5cd6bcff83cfc4d668492d7ba sc-av_one_fourth av-equal-height-column-flextable'>\n<style type=\"text\/css\" data-created_by=\"avia_inline_auto\" id=\"style-css-av-9wkhy-60-0e4e8bd5cd6bcff83cfc4d668492d7ba\">\n#top .flex_column_table.av-equal-height-column-flextable.av-9wkhy-60-0e4e8bd5cd6bcff83cfc4d668492d7ba{\nmargin-top:0px;\nmargin-bottom:70px;\n}\n.flex_column.av-9wkhy-60-0e4e8bd5cd6bcff83cfc4d668492d7ba{\nborder-radius:0px 0px 0px 0px;\npadding:40px 40px 40px 40px;\nbackground-color:#072f4c;\nbackground:linear-gradient( to top right, #072f4c, #0c4771 );\n}\n<\/style>\n<div  class='flex_column av-9wkhy-60-0e4e8bd5cd6bcff83cfc4d668492d7ba av_one_fourth  avia-builder-el-4  el_before_av_one_fourth  avia-builder-el-first  first no_margin flex_column_table_cell av-equal-height-column av-align-middle av-animated-generic left-to-right'     ><p>\n<style type=\"text\/css\" data-created_by=\"avia_inline_auto\" id=\"style-css-av-mj2v7h6c-2bff48add782371220a65cd730d9a4a2\">\n.av_font_icon.av-mj2v7h6c-2bff48add782371220a65cd730d9a4a2{\ncolor:#ffffff;\nborder-color:#ffffff;\n}\n.av_font_icon.av-mj2v7h6c-2bff48add782371220a65cd730d9a4a2 .av-icon-char{\nfont-size:70px;\nline-height:70px;\n}\n<\/style>\n<span  class='av_font_icon av-mj2v7h6c-2bff48add782371220a65cd730d9a4a2 avia_animate_when_visible av-icon-style- avia-icon-pos-center avia-icon-animate'><span class='av-icon-char' aria-hidden='true' data-av_icon='\ue8b8' data-av_iconfont='entypo-fontello' ><\/span><\/span><br \/>\n\n<style type=\"text\/css\" data-created_by=\"avia_inline_auto\" id=\"style-css-av-gnh3i-ade11f8f692775a5b309f7a0a131ca33\">\n#top .av-special-heading.av-gnh3i-ade11f8f692775a5b309f7a0a131ca33{\nmargin:25px 25px 25px 25px;\npadding-bottom:10px;\ncolor:#ffffff;\n}\nbody .av-special-heading.av-gnh3i-ade11f8f692775a5b309f7a0a131ca33 .av-special-heading-tag .heading-char{\nfont-size:25px;\n}\n.av-special-heading.av-gnh3i-ade11f8f692775a5b309f7a0a131ca33 .special-heading-inner-border{\nborder-color:#ffffff;\n}\n.av-special-heading.av-gnh3i-ade11f8f692775a5b309f7a0a131ca33 .av-subheading{\nfont-size:15px;\n}\n<\/style>\n<div  class='av-special-heading av-gnh3i-ade11f8f692775a5b309f7a0a131ca33 av-special-heading-h2 custom-color-heading blockquote modern-quote modern-centered  avia-builder-el-6  el_after_av_font_icon  el_before_av_textblock'><h2 class='av-special-heading-tag'  itemprop=\"headline\"  >Medio Ambiente<\/h2><div class=\"special-heading-border\"><div class=\"special-heading-inner-border\"><\/div><\/div><\/div><br \/>\n\n<style type=\"text\/css\" data-created_by=\"avia_inline_auto\" id=\"style-css-av-jgds8wgh-59-90d9b9427b43aa057b82737fc99dcfd9\">\n#top .av_textblock_section.av-jgds8wgh-59-90d9b9427b43aa057b82737fc99dcfd9 .avia_textblock{\ncolor:#ffffff;\n}\n<\/style>\n<section  class='av_textblock_section av-jgds8wgh-59-90d9b9427b43aa057b82737fc99dcfd9'   itemscope=\"itemscope\" itemtype=\"https:\/\/schema.org\/CreativeWork\" ><div class='avia_textblock av_inherit_color'  itemprop=\"text\" ><p style=\"text-align: center;\">Apoyamos a las organizaciones en el cumplimiento de sus obligaciones ambientales, el uso eficiente de los recursos y la reducci\u00f3n de su impacto ambiental, ayud\u00e1ndolas a desarrollar modelos de negocio sostenibles.<\/p>\n<\/div><\/section><br \/>\n\n<style type=\"text\/css\" data-created_by=\"avia_inline_auto\" id=\"style-css-av-jgf4q5kq-58-4993ca0105b55d77638a7a37bb47211e\">\n#top .hr.hr-invisible.av-jgf4q5kq-58-4993ca0105b55d77638a7a37bb47211e{\nheight:20px;\n}\n<\/style>\n<div  class='hr av-jgf4q5kq-58-4993ca0105b55d77638a7a37bb47211e hr-invisible  avia-builder-el-8  el_after_av_textblock  el_before_av_button'><span class='hr-inner'><span class=\"hr-inner-style\"><\/span><\/span><\/div><br \/>\n<div  class='avia-button-wrap av-jgf4ovnq-57-fa4e71beb0cbd533670d33dbff314af7-wrap avia-button-center  avia-builder-el-9  el_after_av_hr  avia-builder-el-last'>\n<style type=\"text\/css\" data-created_by=\"avia_inline_auto\" id=\"style-css-av-jgf4ovnq-57-fa4e71beb0cbd533670d33dbff314af7\">\n#top #wrap_all .avia-button.av-jgf4ovnq-57-fa4e71beb0cbd533670d33dbff314af7{\nbackground-color:#ffffff;\nborder-color:#ffffff;\ncolor:#000000;\ntransition:all 0.4s ease-in-out;\n}\n<\/style>\n<a href='https:\/\/kuzeycevre.com\/es\/practice-areas\/'  class='avia-button av-jgf4ovnq-57-fa4e71beb0cbd533670d33dbff314af7 av-link-btn avia-icon_select-yes-right-icon avia-size-large avia-position-center av-icon-on-hover'  ><span class='avia_iconbox_title' >Obtener Informaci\u00f3n<\/span><span class='avia_button_icon avia_button_icon_right' aria-hidden='true' data-av_icon='\ue879' data-av_iconfont='entypo-fontello'><\/span><\/a><\/div><\/p><\/div>\n<style type=\"text\/css\" data-created_by=\"avia_inline_auto\" id=\"style-css-av-9wkhy-64-9e205f3ff09aa85ef191db2744c0eba2\">\n#top .flex_column_table.av-equal-height-column-flextable.av-9wkhy-64-9e205f3ff09aa85ef191db2744c0eba2{\nmargin-top:0px;\nmargin-bottom:70px;\n}\n.flex_column.av-9wkhy-64-9e205f3ff09aa85ef191db2744c0eba2{\nborder-radius:0px 0px 0px 0px;\npadding:40px 40px 40px 40px;\nbackground-color:#094978;\nbackground:linear-gradient( to top right, #094978, #105e96 );\n}\n<\/style>\n<div  class='flex_column av-9wkhy-64-9e205f3ff09aa85ef191db2744c0eba2 av_one_fourth  avia-builder-el-10  el_after_av_one_fourth  el_before_av_one_fourth  no_margin flex_column_table_cell av-equal-height-column av-align-middle av-animated-generic left-to-right'     ><p>\n<style type=\"text\/css\" data-created_by=\"avia_inline_auto\" id=\"style-css-av-mj2v87lf-da774b927e5fae1fd3fda4f05e9714ce\">\n.av_font_icon.av-mj2v87lf-da774b927e5fae1fd3fda4f05e9714ce{\ncolor:#ffffff;\nborder-color:#ffffff;\n}\n.av_font_icon.av-mj2v87lf-da774b927e5fae1fd3fda4f05e9714ce .av-icon-char{\nfont-size:70px;\nline-height:70px;\n}\n<\/style>\n<span  class='av_font_icon av-mj2v87lf-da774b927e5fae1fd3fda4f05e9714ce avia_animate_when_visible av-icon-style- avia-icon-pos-center avia-icon-animate'><span class='av-icon-char' aria-hidden='true' data-av_icon='\ue855' data-av_iconfont='entypo-fontello' ><\/span><\/span><br \/>\n\n<style type=\"text\/css\" data-created_by=\"avia_inline_auto\" id=\"style-css-av-mj2vapb5-4f4a0027003cab8678a0dd62879453c1\">\n#top .av-special-heading.av-mj2vapb5-4f4a0027003cab8678a0dd62879453c1{\nmargin:25px 25px 25px 25px;\npadding-bottom:10px;\ncolor:#ffffff;\n}\nbody .av-special-heading.av-mj2vapb5-4f4a0027003cab8678a0dd62879453c1 .av-special-heading-tag .heading-char{\nfont-size:25px;\n}\n.av-special-heading.av-mj2vapb5-4f4a0027003cab8678a0dd62879453c1 .special-heading-inner-border{\nborder-color:#ffffff;\n}\n.av-special-heading.av-mj2vapb5-4f4a0027003cab8678a0dd62879453c1 .av-subheading{\nfont-size:15px;\n}\n<\/style>\n<div  class='av-special-heading av-mj2vapb5-4f4a0027003cab8678a0dd62879453c1 av-special-heading-h2 custom-color-heading blockquote modern-quote modern-centered  avia-builder-el-12  el_after_av_font_icon  el_before_av_textblock'><h2 class='av-special-heading-tag'  itemprop=\"headline\"  >Salud y Seguridad Laboral (SSL)<\/h2><div class=\"special-heading-border\"><div class=\"special-heading-inner-border\"><\/div><\/div><\/div><br \/>\n\n<style type=\"text\/css\" data-created_by=\"avia_inline_auto\" id=\"style-css-av-jgds8wgh-63-6048430984aadfdd18a2d578a3571711\">\n#top .av_textblock_section.av-jgds8wgh-63-6048430984aadfdd18a2d578a3571711 .avia_textblock{\ncolor:#ffffff;\n}\n<\/style>\n<section  class='av_textblock_section av-jgds8wgh-63-6048430984aadfdd18a2d578a3571711'   itemscope=\"itemscope\" itemtype=\"https:\/\/schema.org\/CreativeWork\" ><div class='avia_textblock av_inherit_color'  itemprop=\"text\" ><p style=\"text-align: center;\">Dise\u00f1amos sistemas de gesti\u00f3n eficaces para crear entornos de trabajo seguros y garantizar el cumplimiento de las obligaciones legales, brindando orientaci\u00f3n durante todo el proceso de implementaci\u00f3n.<\/p>\n<\/div><\/section><br \/>\n\n<style type=\"text\/css\" data-created_by=\"avia_inline_auto\" id=\"style-css-av-jgf4q5kq-62-cd2a7a6c7710263ca54556ca55d88b82\">\n#top .hr.hr-invisible.av-jgf4q5kq-62-cd2a7a6c7710263ca54556ca55d88b82{\nheight:20px;\n}\n<\/style>\n<div  class='hr av-jgf4q5kq-62-cd2a7a6c7710263ca54556ca55d88b82 hr-invisible  avia-builder-el-14  el_after_av_textblock  el_before_av_button'><span class='hr-inner'><span class=\"hr-inner-style\"><\/span><\/span><\/div><br \/>\n<div  class='avia-button-wrap av-1axifb-fc78c655c8eb7f5aa9e3dc55d0c1a785-wrap avia-button-center  avia-builder-el-15  el_after_av_hr  avia-builder-el-last'>\n<style type=\"text\/css\" data-created_by=\"avia_inline_auto\" id=\"style-css-av-1axifb-fc78c655c8eb7f5aa9e3dc55d0c1a785\">\n#top #wrap_all .avia-button.av-1axifb-fc78c655c8eb7f5aa9e3dc55d0c1a785{\nbackground-color:#ffffff;\nborder-color:#ffffff;\ncolor:#000000;\ntransition:all 0.4s ease-in-out;\n}\n<\/style>\n<a href='https:\/\/kuzeycevre.com\/es\/practice-areas\/'  class='avia-button av-1axifb-fc78c655c8eb7f5aa9e3dc55d0c1a785 av-link-btn avia-icon_select-yes-right-icon avia-size-large avia-position-center av-icon-on-hover'  ><span class='avia_iconbox_title' >Obtener Informaci\u00f3n<\/span><span class='avia_button_icon avia_button_icon_right' aria-hidden='true' data-av_icon='\ue879' data-av_iconfont='entypo-fontello'><\/span><\/a><\/div><\/p><\/div>\n<style type=\"text\/css\" data-created_by=\"avia_inline_auto\" id=\"style-css-av-14kmgf-4dabf1135f3b1a7154558358f34dc22b\">\n#top .flex_column_table.av-equal-height-column-flextable.av-14kmgf-4dabf1135f3b1a7154558358f34dc22b{\nmargin-top:0px;\nmargin-bottom:70px;\n}\n.flex_column.av-14kmgf-4dabf1135f3b1a7154558358f34dc22b{\nborder-radius:0px 0px 0px 0px;\npadding:40px 40px 40px 40px;\nbackground-color:#072f4c;\nbackground:linear-gradient( to top right, #072f4c, #0c4771 );\n}\n<\/style>\n<div  class='flex_column av-14kmgf-4dabf1135f3b1a7154558358f34dc22b av_one_fourth  avia-builder-el-16  el_after_av_one_fourth  el_before_av_one_fourth  no_margin flex_column_table_cell av-equal-height-column av-align-middle av-animated-generic left-to-right'     ><p>\n<style type=\"text\/css\" data-created_by=\"avia_inline_auto\" id=\"style-css-av-mj2v8j58-d695780a1f7bfb74245bbb1dea1b1f3c\">\n.av_font_icon.av-mj2v8j58-d695780a1f7bfb74245bbb1dea1b1f3c{\ncolor:#ffffff;\nborder-color:#ffffff;\n}\n.av_font_icon.av-mj2v8j58-d695780a1f7bfb74245bbb1dea1b1f3c .av-icon-char{\nfont-size:70px;\nline-height:70px;\n}\n<\/style>\n<span  class='av_font_icon av-mj2v8j58-d695780a1f7bfb74245bbb1dea1b1f3c avia_animate_when_visible av-icon-style- avia-icon-pos-center avia-icon-animate'><span class='av-icon-char' aria-hidden='true' data-av_icon='\ue8b1' data-av_iconfont='entypo-fontello' ><\/span><\/span><br \/>\n\n<style type=\"text\/css\" data-created_by=\"avia_inline_auto\" id=\"style-css-av-mj2vaxli-e196998cc58aae2d9e283dd208324169\">\n#top .av-special-heading.av-mj2vaxli-e196998cc58aae2d9e283dd208324169{\nmargin:25px 25px 25px 25px;\npadding-bottom:10px;\ncolor:#ffffff;\n}\nbody .av-special-heading.av-mj2vaxli-e196998cc58aae2d9e283dd208324169 .av-special-heading-tag .heading-char{\nfont-size:25px;\n}\n.av-special-heading.av-mj2vaxli-e196998cc58aae2d9e283dd208324169 .special-heading-inner-border{\nborder-color:#ffffff;\n}\n.av-special-heading.av-mj2vaxli-e196998cc58aae2d9e283dd208324169 .av-subheading{\nfont-size:15px;\n}\n<\/style>\n<div  class='av-special-heading av-mj2vaxli-e196998cc58aae2d9e283dd208324169 av-special-heading-h2 custom-color-heading blockquote modern-quote modern-centered  avia-builder-el-18  el_after_av_font_icon  el_before_av_textblock'><h2 class='av-special-heading-tag'  itemprop=\"headline\"  >Sostenibilidad<\/h2><div class=\"special-heading-border\"><div class=\"special-heading-inner-border\"><\/div><\/div><\/div><br \/>\n\n<style type=\"text\/css\" data-created_by=\"avia_inline_auto\" id=\"style-css-av-mj2vc4ps-4f6ca43357db150fa53051ff492c9767\">\n#top .av_textblock_section.av-mj2vc4ps-4f6ca43357db150fa53051ff492c9767 .avia_textblock{\ncolor:#ffffff;\n}\n<\/style>\n<section  class='av_textblock_section av-mj2vc4ps-4f6ca43357db150fa53051ff492c9767'   itemscope=\"itemscope\" itemtype=\"https:\/\/schema.org\/CreativeWork\" ><div class='avia_textblock av_inherit_color'  itemprop=\"text\" ><p style=\"text-align: center;\">Analizamos los procesos de gesti\u00f3n de carbono, agua y energ\u00eda de las organizaciones conforme a est\u00e1ndares internacionales, ofreciendo servicios integrales de consultor\u00eda en informes de sostenibilidad, c\u00e1lculo de emisiones de gases de efecto invernadero y gesti\u00f3n del impacto ambiental.<\/p>\n<\/div><\/section><br \/>\n\n<style type=\"text\/css\" data-created_by=\"avia_inline_auto\" id=\"style-css-av-wgz87-53660810f1a369c9d8030220b870236a\">\n#top .hr.hr-invisible.av-wgz87-53660810f1a369c9d8030220b870236a{\nheight:20px;\n}\n<\/style>\n<div  class='hr av-wgz87-53660810f1a369c9d8030220b870236a hr-invisible  avia-builder-el-20  el_after_av_textblock  el_before_av_button'><span class='hr-inner'><span class=\"hr-inner-style\"><\/span><\/span><\/div><br \/>\n<div  class='avia-button-wrap av-t1kbr-eecde0d7124d9d054bc7dd602d627c99-wrap avia-button-center  avia-builder-el-21  el_after_av_hr  avia-builder-el-last'>\n<style type=\"text\/css\" data-created_by=\"avia_inline_auto\" id=\"style-css-av-t1kbr-eecde0d7124d9d054bc7dd602d627c99\">\n#top #wrap_all .avia-button.av-t1kbr-eecde0d7124d9d054bc7dd602d627c99{\nbackground-color:#ffffff;\nborder-color:#ffffff;\ncolor:#000000;\ntransition:all 0.4s ease-in-out;\n}\n<\/style>\n<a href='https:\/\/kuzeycevre.com\/es\/practice-areas\/'  class='avia-button av-t1kbr-eecde0d7124d9d054bc7dd602d627c99 av-link-btn avia-icon_select-yes-right-icon avia-size-large avia-position-center av-icon-on-hover'  ><span class='avia_iconbox_title' >Obtener Informaci\u00f3n<\/span><span class='avia_button_icon avia_button_icon_right' aria-hidden='true' data-av_icon='\ue879' data-av_iconfont='entypo-fontello'><\/span><\/a><\/div><\/p><\/div>\n<style type=\"text\/css\" data-created_by=\"avia_inline_auto\" id=\"style-css-av-nqxo7-bc2bf721ab0ae80c7539a58064f2a7a4\">\n#top .flex_column_table.av-equal-height-column-flextable.av-nqxo7-bc2bf721ab0ae80c7539a58064f2a7a4{\nmargin-top:0px;\nmargin-bottom:70px;\n}\n.flex_column.av-nqxo7-bc2bf721ab0ae80c7539a58064f2a7a4{\nborder-radius:0px 0px 0px 0px;\npadding:40px 40px 40px 40px;\nbackground-color:#094978;\nbackground:linear-gradient( to top right, #094978, #105e96 );\n}\n<\/style>\n<div  class='flex_column av-nqxo7-bc2bf721ab0ae80c7539a58064f2a7a4 av_one_fourth  avia-builder-el-22  el_after_av_one_fourth  avia-builder-el-last  no_margin flex_column_table_cell av-equal-height-column av-align-middle av-animated-generic left-to-right'     ><p>\n<style type=\"text\/css\" data-created_by=\"avia_inline_auto\" id=\"style-css-av-mj2v8qyw-c2f18fa289a06f278c131c17bf99d1dc\">\n.av_font_icon.av-mj2v8qyw-c2f18fa289a06f278c131c17bf99d1dc{\ncolor:#ffffff;\nborder-color:#ffffff;\n}\n.av_font_icon.av-mj2v8qyw-c2f18fa289a06f278c131c17bf99d1dc .av-icon-char{\nfont-size:70px;\nline-height:70px;\n}\n<\/style>\n<span  class='av_font_icon av-mj2v8qyw-c2f18fa289a06f278c131c17bf99d1dc avia_animate_when_visible av-icon-style- avia-icon-pos-center avia-icon-animate'><span class='av-icon-char' aria-hidden='true' data-av_icon='\ue84d' data-av_iconfont='entypo-fontello' ><\/span><\/span><br \/>\n\n<style type=\"text\/css\" data-created_by=\"avia_inline_auto\" id=\"style-css-av-mj2vb280-107c777d36b9870d03ebb4d11611a8ab\">\n#top .av-special-heading.av-mj2vb280-107c777d36b9870d03ebb4d11611a8ab{\nmargin:25px 25px 25px 25px;\npadding-bottom:10px;\ncolor:#ffffff;\n}\nbody .av-special-heading.av-mj2vb280-107c777d36b9870d03ebb4d11611a8ab .av-special-heading-tag .heading-char{\nfont-size:25px;\n}\n.av-special-heading.av-mj2vb280-107c777d36b9870d03ebb4d11611a8ab .special-heading-inner-border{\nborder-color:#ffffff;\n}\n.av-special-heading.av-mj2vb280-107c777d36b9870d03ebb4d11611a8ab .av-subheading{\nfont-size:15px;\n}\n<\/style>\n<div  class='av-special-heading av-mj2vb280-107c777d36b9870d03ebb4d11611a8ab av-special-heading-h2 custom-color-heading blockquote modern-quote modern-centered  avia-builder-el-24  el_after_av_font_icon  el_before_av_textblock'><h2 class='av-special-heading-tag'  itemprop=\"headline\"  >Calidad<\/h2><div class=\"special-heading-border\"><div class=\"special-heading-inner-border\"><\/div><\/div><\/div><br \/>\n\n<style type=\"text\/css\" data-created_by=\"avia_inline_auto\" id=\"style-css-av-mj2vcfv6-a10efa8c8e4aaf6ae633113ed13070a6\">\n#top .av_textblock_section.av-mj2vcfv6-a10efa8c8e4aaf6ae633113ed13070a6 .avia_textblock{\ncolor:#ffffff;\n}\n<\/style>\n<section  class='av_textblock_section av-mj2vcfv6-a10efa8c8e4aaf6ae633113ed13070a6'   itemscope=\"itemscope\" itemtype=\"https:\/\/schema.org\/CreativeWork\" ><div class='avia_textblock av_inherit_color'  itemprop=\"text\" ><p style=\"text-align: center;\">A trav\u00e9s de sistemas de gesti\u00f3n alineados con las normas ISO, ayudamos a las organizaciones a mejorar su eficiencia, seguridad y desempe\u00f1o ambiental hasta alcanzar niveles internacionales.<\/p>\n<\/div><\/section><br \/>\n\n<style type=\"text\/css\" data-created_by=\"avia_inline_auto\" id=\"style-css-av-e7gpb-3a066ff89228051bcabeaa0dc8094885\">\n#top .hr.hr-invisible.av-e7gpb-3a066ff89228051bcabeaa0dc8094885{\nheight:20px;\n}\n<\/style>\n<div  class='hr av-e7gpb-3a066ff89228051bcabeaa0dc8094885 hr-invisible  avia-builder-el-26  el_after_av_textblock  el_before_av_button'><span class='hr-inner'><span class=\"hr-inner-style\"><\/span><\/span><\/div><br \/>\n<div  class='avia-button-wrap av-a2ozr-ae9142f6b1a89f9ecd9bf1d096d99d14-wrap avia-button-center  avia-builder-el-27  el_after_av_hr  avia-builder-el-last'>\n<style type=\"text\/css\" data-created_by=\"avia_inline_auto\" id=\"style-css-av-a2ozr-ae9142f6b1a89f9ecd9bf1d096d99d14\">\n#top #wrap_all .avia-button.av-a2ozr-ae9142f6b1a89f9ecd9bf1d096d99d14{\nbackground-color:#ffffff;\nborder-color:#ffffff;\ncolor:#000000;\ntransition:all 0.4s ease-in-out;\n}\n<\/style>\n<a href='https:\/\/kuzeycevre.com\/es\/practice-areas\/'  class='avia-button av-a2ozr-ae9142f6b1a89f9ecd9bf1d096d99d14 av-link-btn avia-icon_select-yes-right-icon avia-size-large avia-position-center av-icon-on-hover'  ><span class='avia_iconbox_title' >Obtener Informaci\u00f3n<\/span><span class='avia_button_icon avia_button_icon_right' aria-hidden='true' data-av_icon='\ue879' data-av_iconfont='entypo-fontello'><\/span><\/a><\/div><\/p><\/div><\/div><!--close column table wrapper. Autoclose: 1 -->","protected":false},"excerpt":{"rendered":"","protected":false},"author":1,"featured_media":0,"parent":0,"menu_order":0,"comment_status":"open","ping_status":"closed","template":"","meta":[],"_links":{"self":[{"href":"https:\/\/kuzeycevre.com\/es\/wp-json\/wp\/v2\/pages\/863"}],"collection":[{"href":"https:\/\/kuzeycevre.com\/es\/wp-json\/wp\/v2\/pages"}],"about":[{"href":"https:\/\/kuzeycevre.com\/es\/wp-json\/wp\/v2\/types\/page"}],"author":[{"embeddable":true,"href":"https:\/\/kuzeycevre.com\/es\/wp-json\/wp\/v2\/users\/1"}],"replies":[{"embeddable":true,"href":"https:\/\/kuzeycevre.com\/es\/wp-json\/wp\/v2\/comments?post=863"}],"version-history":[{"count":7,"href":"https:\/\/kuzeycevre.com\/es\/wp-json\/wp\/v2\/pages\/863\/revisions"}],"predecessor-version":[{"id":981,"href":"https:\/\/kuzeycevre.com\/es\/wp-json\/wp\/v2\/pages\/863\/revisions\/981"}],"wp:attachment":[{"href":"https:\/\/kuzeycevre.com\/es\/wp-json\/wp\/v2\/media?parent=863"}],"curies":[{"name":"wp","href":"https:\/\/api.w.org\/{rel}","templated":true}]}}